{"id":14,"date":"2026-04-30T13:23:52","date_gmt":"2026-04-30T12:23:52","guid":{"rendered":"http:\/\/idcg.usm.md\/?page_id=14"},"modified":"2026-04-30T13:23:52","modified_gmt":"2026-04-30T12:23:52","slug":"despre","status":"publish","type":"page","link":"https:\/\/idcg.usm.md\/?page_id=14","title":{"rendered":"Despre"},"content":{"rendered":"<p class=\"text-align-justify\" style=\"text-align: justify;\">IIstoria Institutului \u00eencepe cu anul 1949, c\u00e2nd a fost fondat\u0103 Sec\u0163ia de Geologie din cadrul Filialei Moldovene\u015fti a Academiei de \u015etiinte a fostei URSS, care s-a preocupat de studierea structurii geologice \u015fi a resurselor minerale utile ale Republicii Moldova. \u00cen 1954, \u00een cadrul acestei filiale a fost creat\u0103 sta\u0163ia seismic\u0103 de baz\u0103 &#8220;Chi\u015finau&#8221;, care a \u00eenceput investigarea regimului seismic al cutremurelor Carpatiene.<\/p>\n<p class=\"text-align-justify\" style=\"text-align: justify;\">\u00cen a.1958 Sec\u0163ia de Geologie din cadrul Academiei de \u015etiinte a fostei URSS, a fost reorganizat\u0103 \u00een Institutul de Geologie \u015fi Resurse Minerale.<\/p>\n<p class=\"text-align-justify\" style=\"text-align: justify;\">\u00cen a. 1967 \u00een baza Institutului de Geologie si Resurse Minerale \u015fi a sta\u0163iei seismice de baz\u0103 &#8220;Chi\u015finau&#8221;, a fost fondat Institutul de Geofizic\u0103 \u015fi Geologie al Academiei de \u015etiinte, care a fost condus de N. BURGHELEA, doctor \u00een geologie, iar din a. 1970 \u2013 de c\u0103tre academicianul, doctor habilitat \u00een \u015ftiin\u0163e geologice \u015fi mineralogice Anatol DRUMEA. Din a. 2002 \u0219i p\u00e2n\u0103 \u00een 2016, institutul a fost condus de c\u0103tre dl Dr hab. \u00een \u0219tiin\u021be fizico \u2013 matematice, Vasile ALCAZ. Conform Hot\u0103r\u00e2rii Guvernului Nr. 1406 din 14.12.2005 Centrul de Monitorizare Seismic\u0103 a fost transmis Institutului de Geofizic\u0103 \u0219i Geologie (a\u0219a se numea pe atunci). Deasemenea, Conform aceleia\u015fi hot\u0103r\u00e2ri, Institutul de Geofizic\u0103 \u015fi Geologie a fost reorganizat \u00een Institutul de Geologie \u015fi Seismologie al A\u015eM. Actualmente, Institutul de Geologie \u015fi Seismologie activeaz\u0103 sub conducerea d-lui Igor NICOARA, doctor \u00een \u0219tiin\u021be geologice \u0219i mineralogice.<\/p>\n<p class=\"text-align-justify\" style=\"text-align: justify;\">La momentul cre\u0103rii \u00een Institut activau 35 de colaboratori, inclusiv 3 dr. habilitati \u015fi 6 doctori \u00een \u015ftiint\u0103. \u00cen prezent, \u00een cadrul Institutului activeaz\u0103 78 de persoane, inclusiv 33 cercet\u0103tori stiin\u0163ifici, dintre care 3 doctori habilitati, 12 doctori \u00een \u015ftiint\u0103, ingineri \u015fi tehnicieni. Institutul are \u00een componen\u0163a sa 3 laboratoare \u015fi un Centru de monitorizare seismic\u0103.<\/p>\n","protected":false},"excerpt":{"rendered":"<p>IIstoria Institutului \u00eencepe cu anul 1949, c\u00e2nd a fost fondat\u0103 Sec\u0163ia de Geologie din cadrul Filialei Moldovene\u015fti a Academiei de \u015etiinte a fostei URSS, care s-a preocupat de studierea structurii geologice \u015fi a resurselor minerale utile ale Republicii Moldova. \u00cen 1954, \u00een cadrul acestei filiale a fost creat\u0103 sta\u0163ia seismic\u0103 de baz\u0103 &#8220;Chi\u015finau&#8221;, care a [&hellip;]<\/p>\n","protected":false},"author":1,"featured_media":0,"parent":0,"menu_order":0,"comment_status":"closed","ping_status":"closed","template":"","meta":{"footnotes":""},"class_list":["post-14","page","type-page","status-publish","hentry"],"_links":{"self":[{"href":"https:\/\/idcg.usm.md\/index.php?rest_route=\/wp\/v2\/pages\/14","targetHints":{"allow":["GET"]}}],"collection":[{"href":"https:\/\/idcg.usm.md\/index.php?rest_route=\/wp\/v2\/pages"}],"about":[{"href":"https:\/\/idcg.usm.md\/index.php?rest_route=\/wp\/v2\/types\/page"}],"author":[{"embeddable":true,"href":"https:\/\/idcg.usm.md\/index.php?rest_route=\/wp\/v2\/users\/1"}],"replies":[{"embeddable":true,"href":"https:\/\/idcg.usm.md\/index.php?rest_route=%2Fwp%2Fv2%2Fcomments&post=14"}],"version-history":[{"count":1,"href":"https:\/\/idcg.usm.md\/index.php?rest_route=\/wp\/v2\/pages\/14\/revisions"}],"predecessor-version":[{"id":15,"href":"https:\/\/idcg.usm.md\/index.php?rest_route=\/wp\/v2\/pages\/14\/revisions\/15"}],"wp:attachment":[{"href":"https:\/\/idcg.usm.md\/index.php?rest_route=%2Fwp%2Fv2%2Fmedia&parent=14"}],"curies":[{"name":"wp","href":"https:\/\/api.w.org\/{rel}","templated":true}]}}